{"id":2243,"date":"2026-04-10T16:10:26","date_gmt":"2026-04-10T16:10:26","guid":{"rendered":"https:\/\/fischliamsee.ch\/risto\/contact\/"},"modified":"2026-04-19T14:10:17","modified_gmt":"2026-04-19T14:10:17","slug":"contact","status":"publish","type":"page","link":"https:\/\/fischliamsee.ch\/risto\/contact\/","title":{"rendered":"Contact"},"content":{"rendered":"\t\t<div data-elementor-type=\"wp-page\" data-elementor-id=\"2243\" class=\"elementor elementor-2243\">\n\t\t\t\t<div class=\"elementor-element elementor-element-f3d06b3 e-flex e-con-boxed e-con e-parent\" data-id=\"f3d06b3\" data-element_type=\"container\" data-e-type=\"container\" data-settings=\"{&quot;background_background&quot;:&quot;classic&quot;}\">\n\t\t\t\t\t<div class=\"e-con-inner\">\n\t\t<div class=\"elementor-element elementor-element-c248003 e-flex e-con-boxed e-con e-child\" data-id=\"c248003\" data-element_type=\"container\" data-e-type=\"container\">\n\t\t\t\t\t<div class=\"e-con-inner\">\n\t\t\t\t<div class=\"elementor-element elementor-element-0cd6647 elementor-widget elementor-widget-heading\" data-id=\"0cd6647\" data-element_type=\"widget\" data-e-type=\"widget\" data-widget_type=\"heading.default\">\n\t\t\t\t<div class=\"elementor-widget-container\">\n\t\t\t\t\t<h1 class=\"elementor-heading-title elementor-size-default\">Anreise &amp; Kontakt<\/h1>\t\t\t\t<\/div>\n\t\t\t\t<\/div>\n\t\t\t\t\t<\/div>\n\t\t\t\t<\/div>\n\t\t\t\t\t<\/div>\n\t\t\t\t<\/div>\n\t\t<div class=\"elementor-element elementor-element-b0b6c75 e-flex e-con-boxed e-con e-parent\" data-id=\"b0b6c75\" data-element_type=\"container\" data-e-type=\"container\">\n\t\t\t\t\t<div class=\"e-con-inner\">\n\t\t\t\t<div class=\"elementor-element elementor-element-d69f8eb elementor-widget__width-initial elementor-widget elementor-widget-heading\" data-id=\"d69f8eb\" data-element_type=\"widget\" data-e-type=\"widget\" data-widget_type=\"heading.default\">\n\t\t\t\t<div class=\"elementor-widget-container\">\n\t\t\t\t\t<h2 class=\"elementor-heading-title elementor-size-default\">Bauen ist bei jedem Wetter einen Ausflug wert!<\/h2>\t\t\t\t<\/div>\n\t\t\t\t<\/div>\n\t\t\t\t\t<\/div>\n\t\t\t\t<\/div>\n\t\t<div class=\"elementor-element elementor-element-f956354 e-flex e-con-boxed e-con e-parent\" data-id=\"f956354\" data-element_type=\"container\" data-e-type=\"container\">\n\t\t\t\t\t<div class=\"e-con-inner\">\n\t\t\t\t<div class=\"elementor-element elementor-element-f91a862 elementor-widget__width-initial elementor-widget elementor-widget-text-editor\" data-id=\"f91a862\" data-element_type=\"widget\" data-e-type=\"widget\" data-widget_type=\"text-editor.default\">\n\t\t\t\t<div class=\"elementor-widget-container\">\n\t\t\t\t\t\t\t\t\t<p>Bei sch\u00f6nem Wetter sowieso und bei schlechtem Wetter l\u00e4sst man sich im Fischli&#8230;am See einmal richtig verw\u00f6hnen&#8230;<\/p>\t\t\t\t\t\t\t\t<\/div>\n\t\t\t\t<\/div>\n\t\t\t\t\t<\/div>\n\t\t\t\t<\/div>\n\t\t<div class=\"elementor-element elementor-element-773fa1c e-flex e-con-boxed e-con e-parent\" data-id=\"773fa1c\" data-element_type=\"container\" data-e-type=\"container\">\n\t\t\t\t\t<div class=\"e-con-inner\">\n\t\t<div class=\"elementor-element elementor-element-b6f5500 e-con-full e-flex e-con e-child\" data-id=\"b6f5500\" data-element_type=\"container\" data-e-type=\"container\">\n\t\t\t\t<div class=\"elementor-element elementor-element-8d37e7d elementor-widget elementor-widget-image\" data-id=\"8d37e7d\" data-element_type=\"widget\" data-e-type=\"widget\" data-widget_type=\"image.default\">\n\t\t\t\t<div class=\"elementor-widget-container\">\n\t\t\t\t\t\t\t\t\t\t\t\t\t\t\t<img fetchpriority=\"high\" decoding=\"async\" width=\"300\" height=\"225\" src=\"https:\/\/fischliamsee.ch\/risto\/wp-content\/uploads\/2026\/04\/20180719_161942-scaled-1-300x225.jpg\" class=\"attachment-medium size-medium wp-image-2536\" alt=\"20180719 161942 scaled.jpg\" srcset=\"https:\/\/fischliamsee.ch\/risto\/wp-content\/uploads\/2026\/04\/20180719_161942-scaled-1-300x225.jpg 300w, https:\/\/fischliamsee.ch\/risto\/wp-content\/uploads\/2026\/04\/20180719_161942-scaled-1-1024x768.jpg 1024w, https:\/\/fischliamsee.ch\/risto\/wp-content\/uploads\/2026\/04\/20180719_161942-scaled-1-768x576.jpg 768w, https:\/\/fischliamsee.ch\/risto\/wp-content\/uploads\/2026\/04\/20180719_161942-scaled-1-1536x1152.jpg 1536w, https:\/\/fischliamsee.ch\/risto\/wp-content\/uploads\/2026\/04\/20180719_161942-scaled-1-2048x1536.jpg 2048w\" sizes=\"(max-width: 300px) 100vw, 300px\" title=\"Contact\">\t\t\t\t\t\t\t\t\t\t\t\t\t\t\t<\/div>\n\t\t\t\t<\/div>\n\t\t\t\t<\/div>\n\t\t<div class=\"elementor-element elementor-element-5f2465f e-con-full e-flex e-con e-child\" data-id=\"5f2465f\" data-element_type=\"container\" data-e-type=\"container\">\n\t\t\t\t<div class=\"elementor-element elementor-element-72d9edd elementor-widget__width-initial elementor-widget elementor-widget-text-editor\" data-id=\"72d9edd\" data-element_type=\"widget\" data-e-type=\"widget\" data-widget_type=\"text-editor.default\">\n\t\t\t\t<div class=\"elementor-widget-container\">\n\t\t\t\t\t\t\t\t\t<p>Machen Sie doch vorher eine tolle Schifffahrt! Vielleicht erwischen Sie sogar eines der wundersch\u00f6nen Dampfschiffe. Entspannen Sie schon auf der Anreise. Die manchmal nervige Parkplatzsuche sparen Sie sich schon einmal! Das Restaurant ist nur weinige Schritte entfernt (auch mit einem Rollstuhl machbar) Wenn Sie mit dem eigenen Boot kommen, k\u00f6nnen Sie am hauseigenen Steg anlegen.<\/p>\t\t\t\t\t\t\t\t<\/div>\n\t\t\t\t<\/div>\n\t\t\t\t<\/div>\n\t\t\t\t\t<\/div>\n\t\t\t\t<\/div>\n\t\t<div class=\"elementor-element elementor-element-6dab315 e-flex e-con-boxed e-con e-parent\" data-id=\"6dab315\" data-element_type=\"container\" data-e-type=\"container\">\n\t\t\t\t\t<div class=\"e-con-inner\">\n\t\t\t\t<div class=\"elementor-element elementor-element-ccca1a4 elementor-widget__width-initial elementor-widget-mobile__width-initial elementor-widget elementor-widget-image\" data-id=\"ccca1a4\" data-element_type=\"widget\" data-e-type=\"widget\" data-widget_type=\"image.default\">\n\t\t\t\t<div class=\"elementor-widget-container\">\n\t\t\t\t\t\t\t\t\t\t\t\t\t\t\t<img decoding=\"async\" width=\"200\" height=\"300\" src=\"https:\/\/fischliamsee.ch\/risto\/wp-content\/uploads\/2026\/04\/ge679e15f4b3f69fd71fa220c247938f1170b7f117784d081418cd2287e7725a4404b0601cafae71ddb3df4204e030420e544da393eac0ba9e6b293c60219a630_1280-2771628-1-200x300.jpg\" class=\"attachment-medium size-medium wp-image-2537\" alt=\"ge679e15f4b3f69fd71fa220c247938f1170b7f117784d081418cd2287e7725a4404b0601cafae71ddb3df4204e030420e544da393eac0ba9e6b293c60219a630 1280 2771628.jpg\" srcset=\"https:\/\/fischliamsee.ch\/risto\/wp-content\/uploads\/2026\/04\/ge679e15f4b3f69fd71fa220c247938f1170b7f117784d081418cd2287e7725a4404b0601cafae71ddb3df4204e030420e544da393eac0ba9e6b293c60219a630_1280-2771628-1-200x300.jpg 200w, https:\/\/fischliamsee.ch\/risto\/wp-content\/uploads\/2026\/04\/ge679e15f4b3f69fd71fa220c247938f1170b7f117784d081418cd2287e7725a4404b0601cafae71ddb3df4204e030420e544da393eac0ba9e6b293c60219a630_1280-2771628-1-682x1024.jpg 682w, https:\/\/fischliamsee.ch\/risto\/wp-content\/uploads\/2026\/04\/ge679e15f4b3f69fd71fa220c247938f1170b7f117784d081418cd2287e7725a4404b0601cafae71ddb3df4204e030420e544da393eac0ba9e6b293c60219a630_1280-2771628-1-768x1154.jpg 768w, https:\/\/fischliamsee.ch\/risto\/wp-content\/uploads\/2026\/04\/ge679e15f4b3f69fd71fa220c247938f1170b7f117784d081418cd2287e7725a4404b0601cafae71ddb3df4204e030420e544da393eac0ba9e6b293c60219a630_1280-2771628-1.jpg 852w\" sizes=\"(max-width: 200px) 100vw, 200px\" title=\"Contact\">\t\t\t\t\t\t\t\t\t\t\t\t\t\t\t<\/div>\n\t\t\t\t<\/div>\n\t\t\t\t<div class=\"elementor-element elementor-element-a4072e0 elementor-widget__width-initial elementor-widget-mobile__width-initial elementor-widget elementor-widget-text-editor\" data-id=\"a4072e0\" data-element_type=\"widget\" data-e-type=\"widget\" data-widget_type=\"text-editor.default\">\n\t\t\t\t<div class=\"elementor-widget-container\">\n\t\t\t\t\t\t\t\t\t<p>Mit dem Auto k\u00f6nnen Sie uns fast nicht verfehlen. Ab Seedorf immer am See entlang. Bauen liegt am Ende bzw. Anfang der Strasse. Es gibt einige Parkm\u00f6glichkeiten am Dorfeingang. Vergessen Sie nicht ein Parkticket zu l\u00f6sen. F\u00fcr Falschparkierer gibt es kein Pardon&#8230;<\/p>\t\t\t\t\t\t\t\t<\/div>\n\t\t\t\t<\/div>\n\t\t\t\t\t<\/div>\n\t\t\t\t<\/div>\n\t\t<div class=\"elementor-element elementor-element-00f59a2 e-flex e-con-boxed e-con e-parent\" data-id=\"00f59a2\" data-element_type=\"container\" data-e-type=\"container\">\n\t\t\t\t\t<div class=\"e-con-inner\">\n\t\t\t\t<div class=\"elementor-element elementor-element-1193a8c elementor-widget__width-initial elementor-widget elementor-widget-image\" data-id=\"1193a8c\" data-element_type=\"widget\" data-e-type=\"widget\" data-widget_type=\"image.default\">\n\t\t\t\t<div class=\"elementor-widget-container\">\n\t\t\t\t\t\t\t\t\t\t\t\t\t\t\t<img decoding=\"async\" width=\"200\" height=\"300\" src=\"https:\/\/fischliamsee.ch\/risto\/wp-content\/uploads\/2026\/04\/pexels-photo-20321317-20321317-scaled-1-200x300.jpg\" class=\"attachment-medium size-medium wp-image-2538\" alt=\"pexels photo 20321317 20321317 scaled.jpg\" srcset=\"https:\/\/fischliamsee.ch\/risto\/wp-content\/uploads\/2026\/04\/pexels-photo-20321317-20321317-scaled-1-200x300.jpg 200w, https:\/\/fischliamsee.ch\/risto\/wp-content\/uploads\/2026\/04\/pexels-photo-20321317-20321317-scaled-1-683x1024.jpg 683w, https:\/\/fischliamsee.ch\/risto\/wp-content\/uploads\/2026\/04\/pexels-photo-20321317-20321317-scaled-1-768x1152.jpg 768w, https:\/\/fischliamsee.ch\/risto\/wp-content\/uploads\/2026\/04\/pexels-photo-20321317-20321317-scaled-1-1024x1536.jpg 1024w, https:\/\/fischliamsee.ch\/risto\/wp-content\/uploads\/2026\/04\/pexels-photo-20321317-20321317-scaled-1-1366x2048.jpg 1366w, https:\/\/fischliamsee.ch\/risto\/wp-content\/uploads\/2026\/04\/pexels-photo-20321317-20321317-scaled-1.jpg 1707w\" sizes=\"(max-width: 200px) 100vw, 200px\" title=\"Contact\">\t\t\t\t\t\t\t\t\t\t\t\t\t\t\t<\/div>\n\t\t\t\t<\/div>\n\t\t<div class=\"elementor-element elementor-element-79cc29c e-con-full e-flex e-con e-child\" data-id=\"79cc29c\" data-element_type=\"container\" data-e-type=\"container\">\n\t\t\t\t<div class=\"elementor-element elementor-element-c9922b4 elementor-widget elementor-widget-text-editor\" data-id=\"c9922b4\" data-element_type=\"widget\" data-e-type=\"widget\" data-widget_type=\"text-editor.default\">\n\t\t\t\t<div class=\"elementor-widget-container\">\n\t\t\t\t\t\t\t\t\t<p>Nat\u00fcrlich k\u00f6nnen Sie auch mit dem Fahrrad, dem Motorrad, mit dem eigenen Schiff, mit dem Kanu oder Gummiboot, per Anhalter, Schwimmend, mit einem Esel, Pferd oder Maultier oder auf Schustersrappen dem Weg der Schweiz entlang zu uns kommen. Hauptsache Sie kommen uns besuchen!<\/p>\t\t\t\t\t\t\t\t<\/div>\n\t\t\t\t<\/div>\n\t\t\t\t<\/div>\n\t\t\t\t\t<\/div>\n\t\t\t\t<\/div>\n\t\t<div class=\"elementor-element elementor-element-267b2e7 e-flex e-con-boxed e-con e-parent\" data-id=\"267b2e7\" data-element_type=\"container\" data-e-type=\"container\" data-settings=\"{&quot;background_background&quot;:&quot;classic&quot;}\">\n\t\t\t\t\t<div class=\"e-con-inner\">\n\t\t<div class=\"elementor-element elementor-element-7dad71c e-flex e-con-boxed e-con e-child\" data-id=\"7dad71c\" data-element_type=\"container\" data-e-type=\"container\">\n\t\t\t\t\t<div class=\"e-con-inner\">\n\t\t\t\t<div class=\"elementor-element elementor-element-1ce54c8 elementor-widget elementor-widget-heading\" data-id=\"1ce54c8\" data-element_type=\"widget\" data-e-type=\"widget\" data-widget_type=\"heading.default\">\n\t\t\t\t<div class=\"elementor-widget-container\">\n\t\t\t\t\t<h4 class=\"elementor-heading-title elementor-size-default\">Auf bald im \"Fischli...am See\" wundersch\u00f6nen Bauen<\/h4>\t\t\t\t<\/div>\n\t\t\t\t<\/div>\n\t\t\t\t\t<\/div>\n\t\t\t\t<\/div>\n\t\t\t\t\t<\/div>\n\t\t\t\t<\/div>\n\t\t<div class=\"elementor-element elementor-element-a768ed0 e-flex e-con-boxed e-con e-parent\" data-id=\"a768ed0\" data-element_type=\"container\" data-e-type=\"container\">\n\t\t\t\t\t<div class=\"e-con-inner\">\n\t\t\t\t<div class=\"elementor-element elementor-element-7ba723e elementor-widget__width-initial elementor-widget elementor-widget-text-editor\" data-id=\"7ba723e\" data-element_type=\"widget\" data-e-type=\"widget\" data-widget_type=\"text-editor.default\">\n\t\t\t\t<div class=\"elementor-widget-container\">\n\t\t\t\t\t\t\t\t\t<p>Doris &amp; Daniele Blum, Restaurant Fischli&#8230;am See, Im Dorf 6, 6466 Bauen\u00a0 Telefon: +41 (0)41 878 01 10 E-mail:\u00a0 fischliamsee@bluewin.ch<\/p>\t\t\t\t\t\t\t\t<\/div>\n\t\t\t\t<\/div>\n\t\t\t\t\t<\/div>\n\t\t\t\t<\/div>\n\t\t\t\t<\/div>\n\t\t","protected":false},"excerpt":{"rendered":"<p>Anreise &amp; Kontakt Bauen ist bei jedem Wetter einen Ausflug wert! Bei sch\u00f6nem Wetter sowieso und bei schlechtem Wetter l\u00e4sst man sich im Fischli&#8230;am See einmal richtig verw\u00f6hnen&#8230; Machen Sie doch vorher eine tolle Schifffahrt! Vielleicht erwischen Sie sogar eines der wundersch\u00f6nen Dampfschiffe. Entspannen Sie schon auf der Anreise. Die manchmal nervige Parkplatzsuche sparen Sie [&hellip;]<\/p>\n","protected":false},"author":1,"featured_media":0,"parent":0,"menu_order":0,"comment_status":"closed","ping_status":"closed","template":"","meta":{"site-sidebar-layout":"no-sidebar","site-content-layout":"page-builder","ast-site-content-layout":"default","site-content-style":"default","site-sidebar-style":"default","ast-global-header-display":"","ast-banner-title-visibility":"","ast-main-header-display":"","ast-hfb-above-header-display":"","ast-hfb-below-header-display":"","ast-hfb-mobile-header-display":"","site-post-title":"","ast-breadcrumbs-content":"","ast-featured-img":"disabled","footer-sml-layout":"","ast-disable-related-posts":"","theme-transparent-header-meta":"enabled","adv-header-id-meta":"","stick-header-meta":"","header-above-stick-meta":"","header-main-stick-meta":"","header-below-stick-meta":"","astra-migrate-meta-layouts":"default","ast-page-background-enabled":"default","ast-page-background-meta":{"desktop":{"background-color":"var(--ast-global-color-4)","background-image":"","background-repeat":"repeat","background-position":"center center","background-size":"auto","background-attachment":"scroll","background-type":"","background-media":"","overlay-type":"","overlay-color":"","overlay-opacity":"","overlay-gradient":""},"tablet":{"background-color":"","background-image":"","background-repeat":"repeat","background-position":"center center","background-size":"auto","background-attachment":"scroll","background-type":"","background-media":"","overlay-type":"","overlay-color":"","overlay-opacity":"","overlay-gradient":""},"mobile":{"background-color":"","background-image":"","background-repeat":"repeat","background-position":"center center","background-size":"auto","background-attachment":"scroll","background-type":"","background-media":"","overlay-type":"","overlay-color":"","overlay-opacity":"","overlay-gradient":""}},"ast-content-background-meta":{"desktop":{"background-color":"var(--ast-global-color-5)","background-image":"","background-repeat":"repeat","background-position":"center center","background-size":"auto","background-attachment":"scroll","background-type":"","background-media":"","overlay-type":"","overlay-color":"","overlay-opacity":"","overlay-gradient":""},"tablet":{"background-color":"var(--ast-global-color-5)","background-image":"","background-repeat":"repeat","background-position":"center center","background-size":"auto","background-attachment":"scroll","background-type":"","background-media":"","overlay-type":"","overlay-color":"","overlay-opacity":"","overlay-gradient":""},"mobile":{"background-color":"var(--ast-global-color-5)","background-image":"","background-repeat":"repeat","background-position":"center center","background-size":"auto","background-attachment":"scroll","background-type":"","background-media":"","overlay-type":"","overlay-color":"","overlay-opacity":"","overlay-gradient":""}},"footnotes":""},"class_list":["post-2243","page","type-page","status-publish","hentry"],"_links":{"self":[{"href":"https:\/\/fischliamsee.ch\/risto\/wp-json\/wp\/v2\/pages\/2243","targetHints":{"allow":["GET"]}}],"collection":[{"href":"https:\/\/fischliamsee.ch\/risto\/wp-json\/wp\/v2\/pages"}],"about":[{"href":"https:\/\/fischliamsee.ch\/risto\/wp-json\/wp\/v2\/types\/page"}],"author":[{"embeddable":true,"href":"https:\/\/fischliamsee.ch\/risto\/wp-json\/wp\/v2\/users\/1"}],"replies":[{"embeddable":true,"href":"https:\/\/fischliamsee.ch\/risto\/wp-json\/wp\/v2\/comments?post=2243"}],"version-history":[{"count":36,"href":"https:\/\/fischliamsee.ch\/risto\/wp-json\/wp\/v2\/pages\/2243\/revisions"}],"predecessor-version":[{"id":2523,"href":"https:\/\/fischliamsee.ch\/risto\/wp-json\/wp\/v2\/pages\/2243\/revisions\/2523"}],"wp:attachment":[{"href":"https:\/\/fischliamsee.ch\/risto\/wp-json\/wp\/v2\/media?parent=2243"}],"curies":[{"name":"wp","href":"https:\/\/api.w.org\/{rel}","templated":true}]}}