{"id":2242,"date":"2026-04-10T16:10:26","date_gmt":"2026-04-10T16:10:26","guid":{"rendered":"https:\/\/fischliamsee.ch\/risto\/services\/"},"modified":"2026-04-27T15:02:18","modified_gmt":"2026-04-27T15:02:18","slug":"services","status":"publish","type":"page","link":"https:\/\/fischliamsee.ch\/risto\/services\/","title":{"rendered":"Services"},"content":{"rendered":"\t\t<div data-elementor-type=\"wp-page\" data-elementor-id=\"2242\" class=\"elementor elementor-2242\">\n\t\t\t\t<div class=\"elementor-element elementor-element-93263f3 e-flex e-con-boxed e-con e-parent\" data-id=\"93263f3\" data-element_type=\"container\" data-e-type=\"container\" data-settings=\"{&quot;background_background&quot;:&quot;classic&quot;}\">\n\t\t\t\t\t<div class=\"e-con-inner\">\n\t\t<div class=\"elementor-element elementor-element-6c32ff7 e-flex e-con-boxed e-con e-child\" data-id=\"6c32ff7\" data-element_type=\"container\" data-e-type=\"container\">\n\t\t\t\t\t<div class=\"e-con-inner\">\n\t\t\t\t<div class=\"elementor-element elementor-element-888fcee elementor-widget elementor-widget-heading\" data-id=\"888fcee\" data-element_type=\"widget\" data-e-type=\"widget\" data-widget_type=\"heading.default\">\n\t\t\t\t<div class=\"elementor-widget-container\">\n\t\t\t\t\t<h1 class=\"elementor-heading-title elementor-size-default\">Unser Speisen- &amp; Weinangebot<\/h1>\t\t\t\t<\/div>\n\t\t\t\t<\/div>\n\t\t\t\t\t<\/div>\n\t\t\t\t<\/div>\n\t\t\t\t\t<\/div>\n\t\t\t\t<\/div>\n\t\t<div class=\"elementor-element elementor-element-f72c3be e-flex e-con-boxed e-con e-parent\" data-id=\"f72c3be\" data-element_type=\"container\" data-e-type=\"container\">\n\t\t\t\t\t<div class=\"e-con-inner\">\n\t\t<div class=\"elementor-element elementor-element-e7fb7fa e-con-full e-flex e-con e-child\" data-id=\"e7fb7fa\" data-element_type=\"container\" data-e-type=\"container\">\n\t\t\t\t<div class=\"elementor-element elementor-element-02886a1 elementor-widget elementor-widget-image\" data-id=\"02886a1\" data-element_type=\"widget\" data-e-type=\"widget\" data-widget_type=\"image.default\">\n\t\t\t\t<div class=\"elementor-widget-container\">\n\t\t\t\t\t\t\t\t\t\t\t\t\t\t\t<img fetchpriority=\"high\" decoding=\"async\" width=\"2560\" height=\"1920\" src=\"https:\/\/fischliamsee.ch\/risto\/wp-content\/uploads\/2026\/04\/20180623_090205-scaled-1.jpg\" class=\"attachment-full size-full wp-image-2527\" alt=\"20180623 090205 scaled.jpg\" srcset=\"https:\/\/fischliamsee.ch\/risto\/wp-content\/uploads\/2026\/04\/20180623_090205-scaled-1.jpg 2560w, https:\/\/fischliamsee.ch\/risto\/wp-content\/uploads\/2026\/04\/20180623_090205-scaled-1-300x225.jpg 300w, https:\/\/fischliamsee.ch\/risto\/wp-content\/uploads\/2026\/04\/20180623_090205-scaled-1-1024x768.jpg 1024w, https:\/\/fischliamsee.ch\/risto\/wp-content\/uploads\/2026\/04\/20180623_090205-scaled-1-768x576.jpg 768w, https:\/\/fischliamsee.ch\/risto\/wp-content\/uploads\/2026\/04\/20180623_090205-scaled-1-1536x1152.jpg 1536w, https:\/\/fischliamsee.ch\/risto\/wp-content\/uploads\/2026\/04\/20180623_090205-scaled-1-2048x1536.jpg 2048w\" sizes=\"(max-width: 2560px) 100vw, 2560px\" title=\"Services\">\t\t\t\t\t\t\t\t\t\t\t\t\t\t\t<\/div>\n\t\t\t\t<\/div>\n\t\t\t\t<\/div>\n\t\t\t\t<div class=\"elementor-element elementor-element-3f6d5e9 elementor-widget__width-initial elementor-widget-mobile__width-initial elementor-widget elementor-widget-heading\" data-id=\"3f6d5e9\" data-element_type=\"widget\" data-e-type=\"widget\" data-widget_type=\"heading.default\">\n\t\t\t\t<div class=\"elementor-widget-container\">\n\t\t\t\t\t<h4 class=\"elementor-heading-title elementor-size-default\"><a href=\"https:\/\/fischliamsee.ch\/risto\/wp-content\/uploads\/2026\/04\/speisekarte-fischliamsee26.pdf\">Unsere Speisekarte<\/a><\/h4>\t\t\t\t<\/div>\n\t\t\t\t<\/div>\n\t\t\t\t<div class=\"elementor-element elementor-element-43d30bd elementor-widget__width-initial elementor-widget-mobile__width-initial elementor-view-default elementor-widget elementor-widget-icon\" data-id=\"43d30bd\" data-element_type=\"widget\" data-e-type=\"widget\" data-widget_type=\"icon.default\">\n\t\t\t\t<div class=\"elementor-widget-container\">\n\t\t\t\t\t\t\t<div class=\"elementor-icon-wrapper\">\n\t\t\t<a class=\"elementor-icon\" href=\"https:\/\/fischliamsee.ch\/risto\/wp-content\/uploads\/2026\/04\/speisekarte-fischliamsee26.pdf\">\n\t\t\t<i aria-hidden=\"true\" class=\"far fa-file-pdf\"><\/i>\t\t\t<\/a>\n\t\t<\/div>\n\t\t\t\t\t\t<\/div>\n\t\t\t\t<\/div>\n\t\t\t\t<div class=\"elementor-element elementor-element-4e7e696 elementor-widget elementor-widget-text-editor\" data-id=\"4e7e696\" data-element_type=\"widget\" data-e-type=\"widget\" data-widget_type=\"text-editor.default\">\n\t\t\t\t<div class=\"elementor-widget-container\">\n\t\t\t\t\t\t\t\t\t<p>Kleine Abweichungen sind m\u00f6glich, da wir m\u00f6glichst regional und saisonal kochen.<\/p>\t\t\t\t\t\t\t\t<\/div>\n\t\t\t\t<\/div>\n\t\t\t\t\t<\/div>\n\t\t\t\t<\/div>\n\t\t<div class=\"elementor-element elementor-element-f82020d e-flex e-con-boxed e-con e-parent\" data-id=\"f82020d\" data-element_type=\"container\" data-e-type=\"container\">\n\t\t\t\t\t<div class=\"e-con-inner\">\n\t\t<div class=\"elementor-element elementor-element-183ef17 e-con-full e-flex e-con e-child\" data-id=\"183ef17\" data-element_type=\"container\" data-e-type=\"container\">\n\t\t\t\t<div class=\"elementor-element elementor-element-a41953a elementor-widget elementor-widget-image\" data-id=\"a41953a\" data-element_type=\"widget\" data-e-type=\"widget\" data-widget_type=\"image.default\">\n\t\t\t\t<div class=\"elementor-widget-container\">\n\t\t\t\t\t\t\t\t\t\t\t\t\t\t\t<img decoding=\"async\" width=\"1920\" height=\"2560\" src=\"https:\/\/fischliamsee.ch\/risto\/wp-content\/uploads\/2026\/04\/20260413_153237-scaled-1.jpg\" class=\"attachment-full size-full wp-image-2533\" alt=\"20260413 153237 scaled.jpg\" srcset=\"https:\/\/fischliamsee.ch\/risto\/wp-content\/uploads\/2026\/04\/20260413_153237-scaled-1.jpg 1920w, https:\/\/fischliamsee.ch\/risto\/wp-content\/uploads\/2026\/04\/20260413_153237-scaled-1-225x300.jpg 225w, https:\/\/fischliamsee.ch\/risto\/wp-content\/uploads\/2026\/04\/20260413_153237-scaled-1-768x1024.jpg 768w, https:\/\/fischliamsee.ch\/risto\/wp-content\/uploads\/2026\/04\/20260413_153237-scaled-1-1152x1536.jpg 1152w, https:\/\/fischliamsee.ch\/risto\/wp-content\/uploads\/2026\/04\/20260413_153237-scaled-1-1536x2048.jpg 1536w\" sizes=\"(max-width: 1920px) 100vw, 1920px\" title=\"Services\">\t\t\t\t\t\t\t\t\t\t\t\t\t\t\t<\/div>\n\t\t\t\t<\/div>\n\t\t\t\t<\/div>\n\t\t\t\t<div class=\"elementor-element elementor-element-c87b63a elementor-widget__width-initial elementor-widget-mobile__width-initial elementor-widget elementor-widget-heading\" data-id=\"c87b63a\" data-element_type=\"widget\" data-e-type=\"widget\" data-widget_type=\"heading.default\">\n\t\t\t\t<div class=\"elementor-widget-container\">\n\t\t\t\t\t<h4 class=\"elementor-heading-title elementor-size-default\"><a href=\"https:\/\/fischliamsee.ch\/risto\/wp-content\/uploads\/2026\/04\/weinkarte-fischliamsee.pdf\">Unsere Weinkarte<\/a><\/h4>\t\t\t\t<\/div>\n\t\t\t\t<\/div>\n\t\t\t\t<div class=\"elementor-element elementor-element-72ef9f9 elementor-widget__width-initial elementor-widget-mobile__width-initial elementor-view-default elementor-widget elementor-widget-icon\" data-id=\"72ef9f9\" data-element_type=\"widget\" data-e-type=\"widget\" data-widget_type=\"icon.default\">\n\t\t\t\t<div class=\"elementor-widget-container\">\n\t\t\t\t\t\t\t<div class=\"elementor-icon-wrapper\">\n\t\t\t<a class=\"elementor-icon\" href=\"https:\/\/fischliamsee.ch\/risto\/wp-content\/uploads\/2026\/04\/weinkarte-fischliamsee.pdf\">\n\t\t\t<i aria-hidden=\"true\" class=\"far fa-file-pdf\"><\/i>\t\t\t<\/a>\n\t\t<\/div>\n\t\t\t\t\t\t<\/div>\n\t\t\t\t<\/div>\n\t\t\t\t<div class=\"elementor-element elementor-element-73df415 elementor-widget elementor-widget-text-editor\" data-id=\"73df415\" data-element_type=\"widget\" data-e-type=\"widget\" data-widget_type=\"text-editor.default\">\n\t\t\t\t<div class=\"elementor-widget-container\">\n\t\t\t\t\t\t\t\t\t<p>&#171;Das Leben ist zu kurz um schlechten Wein zu trinken&#187;<\/p>\t\t\t\t\t\t\t\t<\/div>\n\t\t\t\t<\/div>\n\t\t\t\t\t<\/div>\n\t\t\t\t<\/div>\n\t\t<div class=\"elementor-element elementor-element-4cb475b e-flex e-con-boxed e-con e-parent\" data-id=\"4cb475b\" data-element_type=\"container\" data-e-type=\"container\">\n\t\t\t\t\t<div class=\"e-con-inner\">\n\t\t<div class=\"elementor-element elementor-element-9741bfd e-con-full e-flex e-con e-child\" data-id=\"9741bfd\" data-element_type=\"container\" data-e-type=\"container\">\n\t\t\t\t<div class=\"elementor-element elementor-element-d90ef00 elementor-widget elementor-widget-image\" data-id=\"d90ef00\" data-element_type=\"widget\" data-e-type=\"widget\" data-widget_type=\"image.default\">\n\t\t\t\t<div class=\"elementor-widget-container\">\n\t\t\t\t\t\t\t\t\t\t\t\t\t\t\t<img decoding=\"async\" width=\"2560\" height=\"1920\" src=\"https:\/\/fischliamsee.ch\/risto\/wp-content\/uploads\/2026\/04\/20180513_102734-scaled-1.jpg\" class=\"attachment-full size-full wp-image-2534\" alt=\"20180513 102734 scaled.jpg\" srcset=\"https:\/\/fischliamsee.ch\/risto\/wp-content\/uploads\/2026\/04\/20180513_102734-scaled-1.jpg 2560w, https:\/\/fischliamsee.ch\/risto\/wp-content\/uploads\/2026\/04\/20180513_102734-scaled-1-300x225.jpg 300w, https:\/\/fischliamsee.ch\/risto\/wp-content\/uploads\/2026\/04\/20180513_102734-scaled-1-1024x768.jpg 1024w, https:\/\/fischliamsee.ch\/risto\/wp-content\/uploads\/2026\/04\/20180513_102734-scaled-1-768x576.jpg 768w, https:\/\/fischliamsee.ch\/risto\/wp-content\/uploads\/2026\/04\/20180513_102734-scaled-1-1536x1152.jpg 1536w, https:\/\/fischliamsee.ch\/risto\/wp-content\/uploads\/2026\/04\/20180513_102734-scaled-1-2048x1536.jpg 2048w\" sizes=\"(max-width: 2560px) 100vw, 2560px\" title=\"Services\">\t\t\t\t\t\t\t\t\t\t\t\t\t\t\t<\/div>\n\t\t\t\t<\/div>\n\t\t\t\t<\/div>\n\t\t\t\t<div class=\"elementor-element elementor-element-57ee7d9 elementor-widget__width-initial elementor-widget-mobile__width-initial elementor-widget elementor-widget-heading\" data-id=\"57ee7d9\" data-element_type=\"widget\" data-e-type=\"widget\" data-widget_type=\"heading.default\">\n\t\t\t\t<div class=\"elementor-widget-container\">\n\t\t\t\t\t<h4 class=\"elementor-heading-title elementor-size-default\"><a href=\"https:\/\/fischliamsee.ch\/risto\/wp-content\/uploads\/2026\/04\/gruppenmenu-fischliamsee.pdf\">Unsere Men\u00fcs f\u00fcr Gruppen ab 8 Personen<\/a><\/h4>\t\t\t\t<\/div>\n\t\t\t\t<\/div>\n\t\t<div class=\"elementor-element elementor-element-458f621 e-con-full e-flex e-con e-child\" data-id=\"458f621\" data-element_type=\"container\" data-e-type=\"container\">\n\t\t\t\t<div class=\"elementor-element elementor-element-bab3e01 elementor-widget__width-initial elementor-widget-mobile__width-initial elementor-view-default elementor-widget elementor-widget-icon\" data-id=\"bab3e01\" data-element_type=\"widget\" data-e-type=\"widget\" data-widget_type=\"icon.default\">\n\t\t\t\t<div class=\"elementor-widget-container\">\n\t\t\t\t\t\t\t<div class=\"elementor-icon-wrapper\">\n\t\t\t<a class=\"elementor-icon\" href=\"https:\/\/fischliamsee.ch\/risto\/wp-content\/uploads\/2026\/04\/gruppenmenu-fischliamsee.pdf\">\n\t\t\t<i aria-hidden=\"true\" class=\"far fa-file-pdf\"><\/i>\t\t\t<\/a>\n\t\t<\/div>\n\t\t\t\t\t\t<\/div>\n\t\t\t\t<\/div>\n\t\t\t\t<\/div>\n\t\t\t\t<div class=\"elementor-element elementor-element-fba266b elementor-widget elementor-widget-text-editor\" data-id=\"fba266b\" data-element_type=\"widget\" data-e-type=\"widget\" data-widget_type=\"text-editor.default\">\n\t\t\t\t<div class=\"elementor-widget-container\">\n\t\t\t\t\t\t\t\t\t<p>Kleine Abweichungen sind m\u00f6glich, da wir m\u00f6glichst regional und saisonal kochen.<\/p>\t\t\t\t\t\t\t\t<\/div>\n\t\t\t\t<\/div>\n\t\t\t\t\t<\/div>\n\t\t\t\t<\/div>\n\t\t\t\t<\/div>\n\t\t","protected":false},"excerpt":{"rendered":"<p>Unser Speisen- &amp; Weinangebot Unsere Speisekarte Kleine Abweichungen sind m\u00f6glich, da wir m\u00f6glichst regional und saisonal kochen. Unsere Weinkarte &#171;Das Leben ist zu kurz um schlechten Wein zu trinken&#187; Unsere Men\u00fcs f\u00fcr Gruppen ab 8 Personen Kleine Abweichungen sind m\u00f6glich, da wir m\u00f6glichst regional und saisonal kochen.<\/p>\n","protected":false},"author":1,"featured_media":0,"parent":0,"menu_order":0,"comment_status":"closed","ping_status":"closed","template":"","meta":{"site-sidebar-layout":"no-sidebar","site-content-layout":"page-builder","ast-site-content-layout":"default","site-content-style":"default","site-sidebar-style":"default","ast-global-header-display":"","ast-banner-title-visibility":"","ast-main-header-display":"","ast-hfb-above-header-display":"","ast-hfb-below-header-display":"","ast-hfb-mobile-header-display":"","site-post-title":"disabled","ast-breadcrumbs-content":"","ast-featured-img":"disabled","footer-sml-layout":"","ast-disable-related-posts":"","theme-transparent-header-meta":"enabled","adv-header-id-meta":"","stick-header-meta":"","header-above-stick-meta":"","header-main-stick-meta":"","header-below-stick-meta":"","astra-migrate-meta-layouts":"default","ast-page-background-enabled":"default","ast-page-background-meta":{"desktop":{"background-color":"var(--ast-global-color-4)","background-image":"","background-repeat":"repeat","background-position":"center center","background-size":"auto","background-attachment":"scroll","background-type":"","background-media":"","overlay-type":"","overlay-color":"","overlay-opacity":"","overlay-gradient":""},"tablet":{"background-color":"","background-image":"","background-repeat":"repeat","background-position":"center center","background-size":"auto","background-attachment":"scroll","background-type":"","background-media":"","overlay-type":"","overlay-color":"","overlay-opacity":"","overlay-gradient":""},"mobile":{"background-color":"","background-image":"","background-repeat":"repeat","background-position":"center center","background-size":"auto","background-attachment":"scroll","background-type":"","background-media":"","overlay-type":"","overlay-color":"","overlay-opacity":"","overlay-gradient":""}},"ast-content-background-meta":{"desktop":{"background-color":"var(--ast-global-color-5)","background-image":"","background-repeat":"repeat","background-position":"center center","background-size":"auto","background-attachment":"scroll","background-type":"","background-media":"","overlay-type":"","overlay-color":"","overlay-opacity":"","overlay-gradient":""},"tablet":{"background-color":"var(--ast-global-color-5)","background-image":"","background-repeat":"repeat","background-position":"center center","background-size":"auto","background-attachment":"scroll","background-type":"","background-media":"","overlay-type":"","overlay-color":"","overlay-opacity":"","overlay-gradient":""},"mobile":{"background-color":"var(--ast-global-color-5)","background-image":"","background-repeat":"repeat","background-position":"center center","background-size":"auto","background-attachment":"scroll","background-type":"","background-media":"","overlay-type":"","overlay-color":"","overlay-opacity":"","overlay-gradient":""}},"footnotes":""},"class_list":["post-2242","page","type-page","status-publish","hentry"],"_links":{"self":[{"href":"https:\/\/fischliamsee.ch\/risto\/wp-json\/wp\/v2\/pages\/2242","targetHints":{"allow":["GET"]}}],"collection":[{"href":"https:\/\/fischliamsee.ch\/risto\/wp-json\/wp\/v2\/pages"}],"about":[{"href":"https:\/\/fischliamsee.ch\/risto\/wp-json\/wp\/v2\/types\/page"}],"author":[{"embeddable":true,"href":"https:\/\/fischliamsee.ch\/risto\/wp-json\/wp\/v2\/users\/1"}],"replies":[{"embeddable":true,"href":"https:\/\/fischliamsee.ch\/risto\/wp-json\/wp\/v2\/comments?post=2242"}],"version-history":[{"count":87,"href":"https:\/\/fischliamsee.ch\/risto\/wp-json\/wp\/v2\/pages\/2242\/revisions"}],"predecessor-version":[{"id":2543,"href":"https:\/\/fischliamsee.ch\/risto\/wp-json\/wp\/v2\/pages\/2242\/revisions\/2543"}],"wp:attachment":[{"href":"https:\/\/fischliamsee.ch\/risto\/wp-json\/wp\/v2\/media?parent=2242"}],"curies":[{"name":"wp","href":"https:\/\/api.w.org\/{rel}","templated":true}]}}