{"id":2241,"date":"2026-04-10T16:10:26","date_gmt":"2026-04-10T16:10:26","guid":{"rendered":"https:\/\/fischliamsee.ch\/risto\/about\/"},"modified":"2026-04-19T13:26:37","modified_gmt":"2026-04-19T13:26:37","slug":"about","status":"publish","type":"page","link":"https:\/\/fischliamsee.ch\/risto\/about\/","title":{"rendered":"About"},"content":{"rendered":"\t\t<div data-elementor-type=\"wp-page\" data-elementor-id=\"2241\" class=\"elementor elementor-2241\">\n\t\t\t\t<div class=\"elementor-element elementor-element-dcfb448 e-flex e-con-boxed e-con e-parent\" data-id=\"dcfb448\" data-element_type=\"container\" data-e-type=\"container\" data-settings=\"{&quot;background_background&quot;:&quot;classic&quot;}\">\n\t\t\t\t\t<div class=\"e-con-inner\">\n\t\t<div class=\"elementor-element elementor-element-d21b7e0 e-flex e-con-boxed e-con e-child\" data-id=\"d21b7e0\" data-element_type=\"container\" data-e-type=\"container\">\n\t\t\t\t\t<div class=\"e-con-inner\">\n\t\t\t\t<div class=\"elementor-element elementor-element-e9fd9dc elementor-widget elementor-widget-heading\" data-id=\"e9fd9dc\" data-element_type=\"widget\" data-e-type=\"widget\" data-widget_type=\"heading.default\">\n\t\t\t\t<div class=\"elementor-widget-container\">\n\t\t\t\t\t<h1 class=\"elementor-heading-title elementor-size-default\">Herzlich Willkommen!<\/h1>\t\t\t\t<\/div>\n\t\t\t\t<\/div>\n\t\t\t\t\t<\/div>\n\t\t\t\t<\/div>\n\t\t\t\t\t<\/div>\n\t\t\t\t<\/div>\n\t\t<div class=\"elementor-element elementor-element-500861b e-flex e-con-boxed e-con e-parent\" data-id=\"500861b\" data-element_type=\"container\" data-e-type=\"container\">\n\t\t\t\t\t<div class=\"e-con-inner\">\n\t\t<div class=\"elementor-element elementor-element-7dbc6fb e-con-full e-flex e-con e-child\" data-id=\"7dbc6fb\" data-element_type=\"container\" data-e-type=\"container\">\n\t\t\t\t<div class=\"elementor-element elementor-element-6658dc9 elementor-widget elementor-widget-heading\" data-id=\"6658dc9\" data-element_type=\"widget\" data-e-type=\"widget\" data-widget_type=\"heading.default\">\n\t\t\t\t<div class=\"elementor-widget-container\">\n\t\t\t\t\t<h4 class=\"elementor-heading-title elementor-size-default\">Lassen Sie sich von uns auf unserer wundersch\u00f6nen Seeterrasse oder im kleinen gem\u00fctlichen Restaurant mit feinen Spezialit\u00e4ten aus der Region und mehr verw\u00f6hnen.<br><br>Wir, das sind Doris &amp; Daniele Blum und manchmal\nManda, Erika, Lori, Jolanda oder Slavi!<br><br>Das Fischli...am See bietet auf der Terrasse oder drinnen maximal 52 Personen Platz.<\/h4>\t\t\t\t<\/div>\n\t\t\t\t<\/div>\n\t\t\t\t<div class=\"elementor-element elementor-element-e9a8c1e elementor-widget elementor-widget-image\" data-id=\"e9a8c1e\" data-element_type=\"widget\" data-e-type=\"widget\" data-widget_type=\"image.default\">\n\t\t\t\t<div class=\"elementor-widget-container\">\n\t\t\t\t\t\t\t\t\t\t\t\t\t\t\t<img fetchpriority=\"high\" decoding=\"async\" width=\"2560\" height=\"1920\" src=\"https:\/\/fischliamsee.ch\/risto\/wp-content\/uploads\/2026\/04\/Bild-Gutschein-Silberfisch-scaled-1.jpg\" class=\"attachment-full size-full wp-image-2530\" alt=\"bild gutschein silberfisch scaled.jpg\" srcset=\"https:\/\/fischliamsee.ch\/risto\/wp-content\/uploads\/2026\/04\/Bild-Gutschein-Silberfisch-scaled-1.jpg 2560w, https:\/\/fischliamsee.ch\/risto\/wp-content\/uploads\/2026\/04\/Bild-Gutschein-Silberfisch-scaled-1-300x225.jpg 300w, https:\/\/fischliamsee.ch\/risto\/wp-content\/uploads\/2026\/04\/Bild-Gutschein-Silberfisch-scaled-1-1024x768.jpg 1024w, https:\/\/fischliamsee.ch\/risto\/wp-content\/uploads\/2026\/04\/Bild-Gutschein-Silberfisch-scaled-1-768x576.jpg 768w, https:\/\/fischliamsee.ch\/risto\/wp-content\/uploads\/2026\/04\/Bild-Gutschein-Silberfisch-scaled-1-1536x1152.jpg 1536w, https:\/\/fischliamsee.ch\/risto\/wp-content\/uploads\/2026\/04\/Bild-Gutschein-Silberfisch-scaled-1-2048x1536.jpg 2048w\" sizes=\"(max-width: 2560px) 100vw, 2560px\" title=\"About\">\t\t\t\t\t\t\t\t\t\t\t\t\t\t\t<\/div>\n\t\t\t\t<\/div>\n\t\t\t\t<\/div>\n\t\t\t\t\t<\/div>\n\t\t\t\t<\/div>\n\t\t<div class=\"elementor-element elementor-element-ba46aa4 e-flex e-con-boxed e-con e-parent\" data-id=\"ba46aa4\" data-element_type=\"container\" data-e-type=\"container\" data-settings=\"{&quot;background_background&quot;:&quot;classic&quot;}\">\n\t\t\t\t\t<div class=\"e-con-inner\">\n\t\t\t\t<div class=\"elementor-element elementor-element-71b5e26 elementor-widget elementor-widget-text-editor\" data-id=\"71b5e26\" data-element_type=\"widget\" data-e-type=\"widget\" data-widget_type=\"text-editor.default\">\n\t\t\t\t<div class=\"elementor-widget-container\">\n\t\t\t\t\t\t\t\t\t<p>Liebe G\u00e4ste!<\/p><p>\u00a0<\/p><p>Als Mini-Team sind wir auf Ihre Mithilfe angewiesen. Wir bitten Sie generell zum Essen zu reservieren und als Gruppe (ab 8 Personen) ein Men\u00fc zu definieren. Bitte melden Sie uns allf\u00e4llige Allergien &amp; Sonderw\u00fcnsche im Voraus. Senden Sie uns doch eine E-mail mit Ihren Vorstellungen und wir unterbreiten Ihnen unser massgeschneidertes Angebot. Unsere Men\u00fcvorschl\u00e4ge finden Sie unter Speisen und Getr\u00e4nke&#8230;Vielen herzlichen Dank!<\/p>\t\t\t\t\t\t\t\t<\/div>\n\t\t\t\t<\/div>\n\t\t\t\t\t<\/div>\n\t\t\t\t<\/div>\n\t\t\t\t<\/div>\n\t\t","protected":false},"excerpt":{"rendered":"<p>Herzlich Willkommen! Lassen Sie sich von uns auf unserer wundersch\u00f6nen Seeterrasse oder im kleinen gem\u00fctlichen Restaurant mit feinen Spezialit\u00e4ten aus der Region und mehr verw\u00f6hnen. Wir, das sind Doris &amp; Daniele Blum und manchmal Manda, Erika, Lori, Jolanda oder Slavi! Das Fischli&#8230;am See bietet auf der Terrasse oder drinnen maximal 52 Personen Platz. Liebe G\u00e4ste! [&hellip;]<\/p>\n","protected":false},"author":1,"featured_media":0,"parent":0,"menu_order":0,"comment_status":"closed","ping_status":"closed","template":"","meta":{"site-sidebar-layout":"no-sidebar","site-content-layout":"page-builder","ast-site-content-layout":"default","site-content-style":"default","site-sidebar-style":"default","ast-global-header-display":"","ast-banner-title-visibility":"","ast-main-header-display":"","ast-hfb-above-header-display":"","ast-hfb-below-header-display":"","ast-hfb-mobile-header-display":"","site-post-title":"disabled","ast-breadcrumbs-content":"","ast-featured-img":"disabled","footer-sml-layout":"","ast-disable-related-posts":"","theme-transparent-header-meta":"enabled","adv-header-id-meta":"","stick-header-meta":"","header-above-stick-meta":"","header-main-stick-meta":"","header-below-stick-meta":"","astra-migrate-meta-layouts":"default","ast-page-background-enabled":"default","ast-page-background-meta":{"desktop":{"background-color":"var(--ast-global-color-4)","background-image":"","background-repeat":"repeat","background-position":"center center","background-size":"auto","background-attachment":"scroll","background-type":"","background-media":"","overlay-type":"","overlay-color":"","overlay-opacity":"","overlay-gradient":""},"tablet":{"background-color":"","background-image":"","background-repeat":"repeat","background-position":"center center","background-size":"auto","background-attachment":"scroll","background-type":"","background-media":"","overlay-type":"","overlay-color":"","overlay-opacity":"","overlay-gradient":""},"mobile":{"background-color":"","background-image":"","background-repeat":"repeat","background-position":"center center","background-size":"auto","background-attachment":"scroll","background-type":"","background-media":"","overlay-type":"","overlay-color":"","overlay-opacity":"","overlay-gradient":""}},"ast-content-background-meta":{"desktop":{"background-color":"var(--ast-global-color-5)","background-image":"","background-repeat":"repeat","background-position":"center center","background-size":"auto","background-attachment":"scroll","background-type":"","background-media":"","overlay-type":"","overlay-color":"","overlay-opacity":"","overlay-gradient":""},"tablet":{"background-color":"var(--ast-global-color-5)","background-image":"","background-repeat":"repeat","background-position":"center center","background-size":"auto","background-attachment":"scroll","background-type":"","background-media":"","overlay-type":"","overlay-color":"","overlay-opacity":"","overlay-gradient":""},"mobile":{"background-color":"var(--ast-global-color-5)","background-image":"","background-repeat":"repeat","background-position":"center center","background-size":"auto","background-attachment":"scroll","background-type":"","background-media":"","overlay-type":"","overlay-color":"","overlay-opacity":"","overlay-gradient":""}},"footnotes":""},"class_list":["post-2241","page","type-page","status-publish","hentry"],"_links":{"self":[{"href":"https:\/\/fischliamsee.ch\/risto\/wp-json\/wp\/v2\/pages\/2241","targetHints":{"allow":["GET"]}}],"collection":[{"href":"https:\/\/fischliamsee.ch\/risto\/wp-json\/wp\/v2\/pages"}],"about":[{"href":"https:\/\/fischliamsee.ch\/risto\/wp-json\/wp\/v2\/types\/page"}],"author":[{"embeddable":true,"href":"https:\/\/fischliamsee.ch\/risto\/wp-json\/wp\/v2\/users\/1"}],"replies":[{"embeddable":true,"href":"https:\/\/fischliamsee.ch\/risto\/wp-json\/wp\/v2\/comments?post=2241"}],"version-history":[{"count":18,"href":"https:\/\/fischliamsee.ch\/risto\/wp-json\/wp\/v2\/pages\/2241\/revisions"}],"predecessor-version":[{"id":2483,"href":"https:\/\/fischliamsee.ch\/risto\/wp-json\/wp\/v2\/pages\/2241\/revisions\/2483"}],"wp:attachment":[{"href":"https:\/\/fischliamsee.ch\/risto\/wp-json\/wp\/v2\/media?parent=2241"}],"curies":[{"name":"wp","href":"https:\/\/api.w.org\/{rel}","templated":true}]}}